{"id":19,"date":"2013-10-24T17:21:57","date_gmt":"2013-10-24T15:21:57","guid":{"rendered":"http:\/\/www.delevensschool.org\/fr\/?page_id=19"},"modified":"2019-06-27T14:48:23","modified_gmt":"2019-06-27T12:48:23","slug":"approfondir","status":"publish","type":"page","link":"https:\/\/delevensschool.org\/fr\/themes\/approfondir\/","title":{"rendered":"Approfondir"},"content":{"rendered":"<h3><a title=\"Comment lire la Bible ?\" href=\"http:\/\/www.ecoledelavie.org\/fr\/comment-lire-la-bible\/\">Comment lire la Bible ?<\/a><\/h3>\n<h3><strong>L&#8217;origine\u00a0du monde<\/strong><\/h3>\n<p>&#8211; <a title=\"Qui est Dieu ?\" href=\"http:\/\/www.ecoledelavie.org\/fr\/dieu\/\"><span style=\"text-decoration: underline;\">Qui est Dieu<\/span><\/a><br \/>\n&#8211; <a title=\"Dieu cr\u00e9a le ciel\" href=\"http:\/\/www.ecoledelavie.org\/fr\/dieu-crea-le-ciel\/\"><span style=\"text-decoration: underline;\">Dieu cr\u00e9a le ciel<\/span><\/a><br \/>\n&#8211; <a title=\"Dieu cr\u00e9a la terre\" href=\"http:\/\/www.ecoledelavie.org\/fr\/dieu-crea-terre\/\"><span style=\"text-decoration: underline;\">Dieu cr\u00e9a la terre<\/span><\/a><br \/>\n&#8211; <a title=\"Dieu cr\u00e9a l\u2019homme \u2013 Adam\" href=\"http:\/\/www.ecoledelavie.org\/fr\/dieu-crea-lhomme-adam\/\"><span style=\"text-decoration: underline;\">Dieu cr\u00e9a l&#8217;homme &#8211; Adam<\/span><\/a><br \/>\n&#8211; <a title=\"Dieu cr\u00e9a la femme \u2013 Eve\" href=\"http:\/\/www.ecoledelavie.org\/fr\/dieu-crea-la-femme-eve\/\"><span style=\"text-decoration: underline;\">Dieu cr\u00e9a la femme &#8211; Eve<\/span><\/a><br \/>\n&#8211; <a title=\"Le mariage\" href=\"http:\/\/www.ecoledelavie.org\/fr\/le-mariage-2\/\"><span style=\"text-decoration: underline;\">Le mariage<\/span><\/a><\/p>\n<h3><a title=\"Distinction entre les humains et les animaux\" href=\"http:\/\/www.ecoledelavie.org\/fr\/distinction-entre-les-humains-et-les-animaux\/\">Cr\u00e9ation en \u00e9volution<br \/>\nDistinction entre les humaines en les animaux<\/a><\/h3>\n<h3>L&#8217;Homme: esprit, \u00e2me et corps.<\/h3>\n<p>&#8211; <a title=\"L\u2019esprit, l\u2019\u00e2me, le corps et la puissance de la trinit\u00e9\" href=\"http:\/\/www.ecoledelavie.org\/fr\/lesprit-lame-le-corps-et-la-puissance-la-trinite\/\"><span style=\"text-decoration: underline;\">L&#8217;esprit, l\u2019\u00e2me et le corps et la puissance de la trinit\u00e9<\/span><\/a><br \/>\n&#8211; <a title=\"Adam et Eve au paradis\" href=\"http:\/\/www.ecoledelavie.org\/fr\/adam-et-eve-au-paradis\/\"><span style=\"text-decoration: underline;\">Adam et Eve au paradis<\/span><\/a><br \/>\n&#8211; <a title=\"R\u00e9bellion dans le ciel\" href=\"http:\/\/www.ecoledelavie.org\/fr\/rebellion-dans-le-ciel\/\"><span style=\"text-decoration: underline;\">R\u00e9bellion dans le ciel<\/span><\/a><br \/>\n&#8211; <a title=\"Le premier p\u00e9ch\u00e9 \u2013 La d\u00e9sob\u00e9issance\" href=\"http:\/\/www.ecoledelavie.org\/fr\/le-premier-peche-la-desobeissance\/\"><span style=\"text-decoration: underline;\">Le premier p\u00e9ch\u00e9 &#8211; La d\u00e9sob\u00e9issance<\/span><\/a><br \/>\n&#8211; <a title=\"Relations bris\u00e9es\" href=\"http:\/\/www.ecoledelavie.org\/fr\/relations-brisees\/\"><span style=\"text-decoration: underline;\">Relations bris\u00e9es<\/span><\/a><br \/>\n&#8211; <a title=\"Dieu n\u2019a pas abandonn\u00e9 sa cr\u00e9ation\" href=\"http:\/\/www.ecoledelavie.org\/fr\/dieu-abandonne-sa-creation\/\"><span style=\"text-decoration: underline;\">Dieu n\u2019a pas abandonn\u00e9 sa cr\u00e9ation<\/span><\/a><br \/>\n&#8211; <a title=\"La voie du recouvrement\" href=\"http:\/\/www.ecoledelavie.org\/fr\/la-voie-du-recouvrement\/\"><span style=\"text-decoration: underline;\">La voie du recouvrement<\/span><\/a><br \/>\n&#8211; <a title=\"Recevoir la nouvelle vie   (Introduction)\" href=\"http:\/\/www.ecoledelavie.org\/fr\/recevoir-la-nouvelle-vie-introduction\/\"><span style=\"text-decoration: underline;\">Recevoir la nouvelle vie<\/span><\/a><a title=\"La voie du recouvrement\" href=\"http:\/\/www.ecoledelavie.org\/fr\/la-voie-du-recouvrement\/\"><span style=\"text-decoration: underline;\"><br \/>\n<\/span><\/a>&#8211; <a title=\"Conversion\" href=\"http:\/\/www.ecoledelavie.org\/fr\/conversion\/\"><span style=\"text-decoration: underline;\">Conversion<\/span><\/a><br \/>\n&#8211; <a title=\"Etre disciple   (1)\" href=\"http:\/\/www.ecoledelavie.org\/fr\/etre-disciple-1\/\"><span style=\"text-decoration: underline;\">Etre disciple\u00a0 (1)<\/span><\/a><a title=\"Une autre repr\u00e9sentation sch\u00e9matique\" href=\"http:\/\/www.ecoledelavie.org\/fr\/une-autre-representation-schematique\/\"><span style=\"text-decoration: underline;\"><br \/>\n<\/span><\/a>&#8211; <a title=\"Une autre repr\u00e9sentation sch\u00e9matique\" href=\"http:\/\/www.ecoledelavie.org\/fr\/une-autre-representation-schematique\/\"><span style=\"text-decoration: underline;\">Une autre repr\u00e9sentation sch\u00e9matique<\/span><\/a><br \/>\n&#8211; <a title=\"Etre disciple (2)\" href=\"http:\/\/www.ecoledelavie.org\/fr\/etre-disciple-2\/\"><span style=\"text-decoration: underline;\">Etre disciple\u00a0 (2)<br \/>\n<\/span><\/a>&#8211; <span style=\"text-decoration: underline;\"><a title=\"Quelques commentaires sur \u00eatre disciple\" href=\"http:\/\/www.ecoledelavie.org\/fr\/quelque-commentaires-sur-etre-disciple\/\">Quelques commentaires sur \u00eatre disciple<br \/>\n<\/a><\/span>&#8211; <a title=\"Enfant de Dieu\" href=\"http:\/\/www.ecoledelavie.org\/fr\/enfant-dieu\/\"><span style=\"text-decoration: underline;\">Enfant de Dieu<\/span><\/a><\/p>\n<h3>Le Saint Esprit<\/h3>\n<p>&#8211; <a title=\"Le Saint Esprit dans l\u2019Ancien Testament\" href=\"http:\/\/www.ecoledelavie.org\/fr\/le-saint-esprit-dans-lancien-testament\/\"><span style=\"text-decoration: underline;\">Le Saint Esprit dans l&#8217;Ancien Testament<\/span><br \/>\n<\/a>&#8211; <a title=\"Le Saint Esprit dans le Nouveau Testament (1)\" href=\"http:\/\/www.ecoledelavie.org\/fr\/le-saint-esprit-dans-le-nouveau-testament-1\/\"><span style=\"text-decoration: underline;\">Le Saint Esprit dans l&#8217;Nouveau Testament (1)<\/span><\/a><br \/>\n&#8211; <a title=\"Le Saint Esprit dans le Nouveau Testament (2)\" href=\"http:\/\/www.ecoledelavie.org\/fr\/le-saint-esprit-dans-le-nouveau-testament-2\/\"><span style=\"text-decoration: underline;\">Le Saint Esprit dans l&#8217;Nouveau Testament (2)<\/span><\/a><br \/>\n&#8211; <a title=\"Le bapt\u00eame dans le Saint Esprit\" href=\"http:\/\/www.ecoledelavie.org\/fr\/le-bapteme-dans-le-saint-esprit\/\"><span style=\"text-decoration: underline;\">Le b\u00e2pt\u00e8me dans le Saint Esprit<\/span><\/a><\/p>\n<p>&nbsp;<\/p>\n<p><strong>Autres \u00e9tudes en cours de pr\u00e9paration.<\/strong><\/p>\n","protected":false},"excerpt":{"rendered":"<p>Comment lire la Bible ? L&#8217;origine\u00a0du monde &#8211; Qui est Dieu &#8211; Dieu cr\u00e9a le ciel &#8211; Dieu cr\u00e9a la terre &#8211; Dieu cr\u00e9a l&#8217;homme &#8211; Adam &#8211; Dieu cr\u00e9a la femme &#8211; Eve &#8211; Le mariage Cr\u00e9ation en \u00e9volution Distinction entre les humaines en les animaux L&#8217;Homme: esprit, \u00e2me et corps. &#8211; L&#8217;esprit, l\u2019\u00e2me [&hellip;]<\/p>\n","protected":false},"author":1,"featured_media":0,"parent":9,"menu_order":0,"comment_status":"closed","ping_status":"closed","template":"template_fullwidth_graven.php","meta":{"_monsterinsights_skip_tracking":false,"_monsterinsights_sitenote_active":false,"_monsterinsights_sitenote_note":"","_monsterinsights_sitenote_category":0},"_links":{"self":[{"href":"https:\/\/delevensschool.org\/fr\/wp-json\/wp\/v2\/pages\/19"}],"collection":[{"href":"https:\/\/delevensschool.org\/fr\/wp-json\/wp\/v2\/pages"}],"about":[{"href":"https:\/\/delevensschool.org\/fr\/wp-json\/wp\/v2\/types\/page"}],"author":[{"embeddable":true,"href":"https:\/\/delevensschool.org\/fr\/wp-json\/wp\/v2\/users\/1"}],"replies":[{"embeddable":true,"href":"https:\/\/delevensschool.org\/fr\/wp-json\/wp\/v2\/comments?post=19"}],"version-history":[{"count":42,"href":"https:\/\/delevensschool.org\/fr\/wp-json\/wp\/v2\/pages\/19\/revisions"}],"predecessor-version":[{"id":2418,"href":"https:\/\/delevensschool.org\/fr\/wp-json\/wp\/v2\/pages\/19\/revisions\/2418"}],"up":[{"embeddable":true,"href":"https:\/\/delevensschool.org\/fr\/wp-json\/wp\/v2\/pages\/9"}],"wp:attachment":[{"href":"https:\/\/delevensschool.org\/fr\/wp-json\/wp\/v2\/media?parent=19"}],"curies":[{"name":"wp","href":"https:\/\/api.w.org\/{rel}","templated":true}]}}