{"id":21,"date":"2013-10-24T17:22:24","date_gmt":"2013-10-24T15:22:24","guid":{"rendered":"http:\/\/www.delevensschool.org\/fr\/?page_id=21"},"modified":"2020-08-18T11:27:54","modified_gmt":"2020-08-18T09:27:54","slug":"sous-la-loupe","status":"publish","type":"page","link":"https:\/\/delevensschool.org\/fr\/themes\/sous-la-loupe\/","title":{"rendered":"Sous la loupe"},"content":{"rendered":"<h3><a title=\"La Bible \u2013 Br\u00e8ve description\" href=\"http:\/\/www.ecoledelavie.org\/fr\/bible-breve-description\/\">La Bible\u00a0&#8211; Br\u00e9ve description<\/a><br \/>\n<a title=\"D\u00e9but et fin de l\u2019A.T. et du N.T.\" href=\"http:\/\/www.ecoledelavie.org\/fr\/debut-et-fin-la-t-et-du-n-t\/\">D\u00e9but et fin de l&#8217;Ancien et du Nouveau Testament<br \/>\n<\/a><a title=\"Quelques proph\u00e9ties qui se sont accomplies pendant la vie de J\u00e9sus\" href=\"http:\/\/www.ecoledelavie.org\/fr\/quelques-propheties-qui-se-sont-accomplies-pendant-la-vie-jesus\/\">Quelques proph\u00e9ties qui sont accomplies pendat la vie de J\u00e9sus<\/a><br \/>\n<a title=\"La signification de la croix  (1)\" href=\"http:\/\/www.ecoledelavie.org\/fr\/la-signification-la-croix-1\/\">La signification de la croix\u00a0 (1)<\/a><br \/>\n<a title=\"Conversion et \u00eatre disciple dans l\u2019Ancien Testament\" href=\"http:\/\/www.ecoledelavie.org\/fr\/conversion-et-etre-disciple-dans-lancien-testament\/\">Conversion en \u00eatre disciple dans l&#8217;Ancien Testament<\/a><\/h3>\n<h3>Satan<\/h3>\n<p>&#8211; <a title=\"Satan \u2013 un ange qui s\u2019est rebell\u00e9\" href=\"http:\/\/www.ecoledelavie.org\/fr\/satan-un-ange-qui-sest-rebelle\/\"><span style=\"text-decoration: underline;\">Satan\u00a0&#8211; un ange qui s&#8217;est rebell\u00e9<\/span><\/a><br \/>\n&#8211; <a title=\"Comment Satan est arriv\u00e9 au p\u00e9ch\u00e9\" href=\"http:\/\/www.ecoledelavie.org\/fr\/comment-satan-est-arrive-au-peche\/\"><span style=\"text-decoration: underline;\">Comment Satan est arriv\u00e9 au p\u00e9ch\u00e9<\/span><\/a><br \/>\n&#8211; <a title=\"Le caract\u00e8re de Satan \u2013 les mots utilis\u00e9 en h\u00e9breu\" href=\"http:\/\/www.ecoledelavie.org\/fr\/caractere-satan-les-mots-utilise-en-hebreu\/\"><span style=\"text-decoration: underline;\">Le caract\u00e8re de Satan\u00a0&#8211; les mots utilis\u00e9 en h\u00e9breu<\/span><\/a><br \/>\n&#8211; <a title=\"Le caract\u00e8re de Satan \u2013 les mots utilis\u00e9 en grec\" href=\"http:\/\/www.ecoledelavie.org\/fr\/le-caractere-satan-les-mots-utilise-grec\/\"><span style=\"text-decoration: underline;\">Le caract\u00e8re de Satan\u00a0&#8211; les mots utilis\u00e9 en\u00a0grec<\/span><\/a><br \/>\n&#8211; <a title=\"Satan \/ le diable \u2013 sa tactique\" href=\"http:\/\/www.ecoledelavie.org\/fr\/satan-le-diable-sa-tactique\/\"><span style=\"text-decoration: underline;\">Satan \/ le diable\u00a0&#8211; sa tactique<\/span><\/a><\/p>\n<h3><a title=\"La langue \u2013 dans la lettre de Jacques\" href=\"http:\/\/www.ecoledelavie.org\/fr\/langue-lettre-jacques\/\">La langue\u00a0&#8211; dans la letter de Jacques<\/a><br \/>\n<a title=\"Comm\u00e9rage et diffamation\" href=\"http:\/\/www.ecoledelavie.org\/fr\/commerage-et-diffamation\/\">Comm\u00e9rage et diffamation<\/a><\/h3>\n<h3>L&#8217;\u00e2me<\/h3>\n<p>&#8211; <a title=\"Traduction de l\u2019\u00e2me de l\u2019h\u00e9breu\" href=\"http:\/\/www.ecoledelavie.org\/fr\/traduction-lame-lhebreu\/\"><span style=\"text-decoration: underline;\">Traduction de l&#8217;\u00e2me de l&#8217;h\u00e9breu<\/span><\/a><br \/>\n&#8211; <a title=\"Traduction de l\u2019\u00e2me du grec\" href=\"http:\/\/www.ecoledelavie.org\/fr\/traduction-lame-du-grec\/\"><span style=\"text-decoration: underline;\">Traduction de l&#8217;\u00e2me du grec<\/span><\/a><br \/>\n&#8211; <a title=\"O\u00f9 se trouve l\u2019\u00e2me ?\" href=\"http:\/\/www.ecoledelavie.org\/fr\/ou-trouve-lame\/\"><span style=\"text-decoration: underline;\">O\u00f9 se trouve l&#8217;\u00e2me ?<\/span><\/a><\/p>\n<h3>L&#8217;Eglise<\/h3>\n<p>&#8211; <span style=\"text-decoration: underline;\"><a title=\"La vie spirituelle dans l\u2019\u00e9glise\" href=\"http:\/\/www.ecoledelavie.org\/fr\/la-vie-spirituelle-dans-leglise\/\">La vie spirituelle dans l&#8217;Eglise<\/a><\/span><\/p>\n<h3><a title=\"Dieu est lumi\u00e8re\" href=\"http:\/\/www.ecoledelavie.org\/fr\/dieu-2\/\">Dieu est lumi\u00e8re<\/a><a title=\"L\u2019esprit, l\u2019\u00e2me, le corps et la puissance de la trinit\u00e9\" href=\"http:\/\/www.ecoledelavie.org\/fr\/lesprit-lame-le-corps-et-la-puissance-la-trinite\/\"><br \/>\nL&#8217;esprit, l&#8217;\u00e2me, le corps et la puissance de la trinit\u00e9<\/a><a title=\"Matthieu 25:14-30 \u2013 Parabole des serviteurs\" href=\"http:\/\/www.ecoledelavie.org\/fr\/matthieu-2514-30-parabole-serviteurs\/\"><br \/>\n<\/a><a title=\"Les anges\" href=\"http:\/\/www.ecoledelavie.org\/fr\/les-anges\/\">Les anges<\/a><a title=\"Matthieu 25:14-30 \u2013 Parabole des serviteurs\" href=\"http:\/\/www.ecoledelavie.org\/fr\/matthieu-2514-30-parabole-serviteurs\/\"><br \/>\nParabole des serviteurs<\/a><a title=\"Qui est Dieu ?\" href=\"http:\/\/www.ecoledelavie.org\/fr\/dieu\/\"><br \/>\nQui est Dieu<\/a><\/h3>\n<p>&nbsp;<\/p>\n<p><strong>Autres \u00e9tudes en cours de pr\u00e9paration.<\/strong><strong><\/strong><\/p>\n","protected":false},"excerpt":{"rendered":"<p>La Bible\u00a0&#8211; Br\u00e9ve description D\u00e9but et fin de l&#8217;Ancien et du Nouveau Testament Quelques proph\u00e9ties qui sont accomplies pendat la vie de J\u00e9sus La signification de la croix\u00a0 (1) Conversion en \u00eatre disciple dans l&#8217;Ancien Testament Satan &#8211; Satan\u00a0&#8211; un ange qui s&#8217;est rebell\u00e9 &#8211; Comment Satan est arriv\u00e9 au p\u00e9ch\u00e9 &#8211; Le caract\u00e8re de [&hellip;]<\/p>\n","protected":false},"author":1,"featured_media":0,"parent":9,"menu_order":0,"comment_status":"closed","ping_status":"closed","template":"template_fullwidth_loep.php","meta":{"_monsterinsights_skip_tracking":false,"_monsterinsights_sitenote_active":false,"_monsterinsights_sitenote_note":"","_monsterinsights_sitenote_category":0},"_links":{"self":[{"href":"https:\/\/delevensschool.org\/fr\/wp-json\/wp\/v2\/pages\/21"}],"collection":[{"href":"https:\/\/delevensschool.org\/fr\/wp-json\/wp\/v2\/pages"}],"about":[{"href":"https:\/\/delevensschool.org\/fr\/wp-json\/wp\/v2\/types\/page"}],"author":[{"embeddable":true,"href":"https:\/\/delevensschool.org\/fr\/wp-json\/wp\/v2\/users\/1"}],"replies":[{"embeddable":true,"href":"https:\/\/delevensschool.org\/fr\/wp-json\/wp\/v2\/comments?post=21"}],"version-history":[{"count":33,"href":"https:\/\/delevensschool.org\/fr\/wp-json\/wp\/v2\/pages\/21\/revisions"}],"predecessor-version":[{"id":2398,"href":"https:\/\/delevensschool.org\/fr\/wp-json\/wp\/v2\/pages\/21\/revisions\/2398"}],"up":[{"embeddable":true,"href":"https:\/\/delevensschool.org\/fr\/wp-json\/wp\/v2\/pages\/9"}],"wp:attachment":[{"href":"https:\/\/delevensschool.org\/fr\/wp-json\/wp\/v2\/media?parent=21"}],"curies":[{"name":"wp","href":"https:\/\/api.w.org\/{rel}","templated":true}]}}