{"id":23,"date":"2013-10-24T17:22:48","date_gmt":"2013-10-24T15:22:48","guid":{"rendered":"http:\/\/www.delevensschool.org\/fr\/?page_id=23"},"modified":"2020-05-08T10:26:45","modified_gmt":"2020-05-08T08:26:45","slug":"mots-et-conceptes-expliques","status":"publish","type":"page","link":"https:\/\/delevensschool.org\/fr\/themes\/mots-et-conceptes-expliques\/","title":{"rendered":"Mots et conceptes expliqu\u00e9s"},"content":{"rendered":"<h3><a title=\"Etre engendr\u00e9 en \u00eatre n\u00e9\" href=\"http:\/\/www.ecoledelavie.org\/fr\/etre-engendre-etre-ne\/\">Etre engendr\u00e9 et \u00eatre n\u00e9<br \/>\n<\/a><a title=\"Gr\u00e2ce \u2013 d\u00e9finition\" href=\"http:\/\/www.ecoledelavie.org\/fr\/grace-definition\/\">Gr\u00e2ce &#8211; d\u00e9finition<\/a><br \/>\n<a title=\"Gr\u00e2ce \u2013 quelques textes Bibliques\" href=\"http:\/\/www.ecoledelavie.org\/fr\/grace-certains-textes\/\">Gr\u00e2ce &#8211; quelques textes Bibliques<br \/>\n<\/a><a title=\"L\u2019argent purifi\u00e9\" href=\"http:\/\/www.ecoledelavie.org\/fr\/largent-purifie\/\">L&#8217;argent purifi\u00e9<br \/>\n<\/a><a title=\"Le don spirituel \u2013 introduction\" href=\"http:\/\/www.ecoledelavie.org\/fr\/le-don-spirituel-introduction\/\">Le don spirituel &#8211; introduction<\/a><br \/>\n<a title=\"Le don spirituel \u2013 d\u00e9finition\" href=\"http:\/\/www.ecoledelavie.org\/fr\/le-don-spirituel-definition\/\">Le don spirituel &#8211; d\u00e9finition<br \/>\n<\/a><a title=\"1 Corinthiens 12 :7-11 \u2013 Les dons du Saint-Esprit\" href=\"http:\/\/www.ecoledelavie.org\/fr\/1-corinthiens-12-7-11-les-dons-du-saint-esprit\/\">Les dons &#8211; 1 Corinthiens 12 :7-11<\/a><br \/>\n<a title=\"Romains 12 : 6-9 \u2013 Nous avons des dons\" href=\"http:\/\/www.ecoledelavie.org\/fr\/romains-12-6-9-nous-avons-dons\/\">Les dons &#8211; Romains 12 :6-9<\/a><\/h3>\n<p>&nbsp;<\/p>\n<p><strong>Autres \u00e9tudes en cours de pr\u00e9paration.<\/strong><\/p>\n","protected":false},"excerpt":{"rendered":"<p>Etre engendr\u00e9 et \u00eatre n\u00e9 Gr\u00e2ce &#8211; d\u00e9finition Gr\u00e2ce &#8211; quelques textes Bibliques L&#8217;argent purifi\u00e9 Le don spirituel &#8211; introduction Le don spirituel &#8211; d\u00e9finition Les dons &#8211; 1 Corinthiens 12 :7-11 Les dons &#8211; Romains 12 :6-9 &nbsp; Autres \u00e9tudes en cours de pr\u00e9paration.<\/p>\n","protected":false},"author":1,"featured_media":0,"parent":9,"menu_order":0,"comment_status":"closed","ping_status":"closed","template":"template_fullwidth_uitgelicht.php","meta":{"_monsterinsights_skip_tracking":false,"_monsterinsights_sitenote_active":false,"_monsterinsights_sitenote_note":"","_monsterinsights_sitenote_category":0},"_links":{"self":[{"href":"https:\/\/delevensschool.org\/fr\/wp-json\/wp\/v2\/pages\/23"}],"collection":[{"href":"https:\/\/delevensschool.org\/fr\/wp-json\/wp\/v2\/pages"}],"about":[{"href":"https:\/\/delevensschool.org\/fr\/wp-json\/wp\/v2\/types\/page"}],"author":[{"embeddable":true,"href":"https:\/\/delevensschool.org\/fr\/wp-json\/wp\/v2\/users\/1"}],"replies":[{"embeddable":true,"href":"https:\/\/delevensschool.org\/fr\/wp-json\/wp\/v2\/comments?post=23"}],"version-history":[{"count":13,"href":"https:\/\/delevensschool.org\/fr\/wp-json\/wp\/v2\/pages\/23\/revisions"}],"predecessor-version":[{"id":2512,"href":"https:\/\/delevensschool.org\/fr\/wp-json\/wp\/v2\/pages\/23\/revisions\/2512"}],"up":[{"embeddable":true,"href":"https:\/\/delevensschool.org\/fr\/wp-json\/wp\/v2\/pages\/9"}],"wp:attachment":[{"href":"https:\/\/delevensschool.org\/fr\/wp-json\/wp\/v2\/media?parent=23"}],"curies":[{"name":"wp","href":"https:\/\/api.w.org\/{rel}","templated":true}]}}