{"id":25,"date":"2013-10-24T17:23:03","date_gmt":"2013-10-24T15:23:03","guid":{"rendered":"http:\/\/www.delevensschool.org\/fr\/?page_id=25"},"modified":"2019-09-27T12:17:52","modified_gmt":"2019-09-27T10:17:52","slug":"vivre-ensemble","status":"publish","type":"page","link":"https:\/\/delevensschool.org\/fr\/themes\/vivre-ensemble\/","title":{"rendered":"Vivre ensemble"},"content":{"rendered":"<h3><a title=\"Le mariage\" href=\"http:\/\/www.ecoledelavie.org\/fr\/le-mariage-2\/\">Le mariage<\/a><br \/>\n<a title=\"La troisi\u00e8me personne dans le mariage\" href=\"http:\/\/www.ecoledelavie.org\/fr\/la-troisieme-personne-dans-le-mariage\/\">La troisi\u00e8me personne dans le mariage<\/a><a title=\"Commentaires sur l\u2019enseignement doctrinal\" href=\"http:\/\/www.ecoledelavie.org\/fr\/commentaires-sur-lenseignement-doctrinal\/\"><br \/>\n<\/a><a title=\"Une source r\u00e9serv\u00e9e\" href=\"http:\/\/www.ecoledelavie.org\/fr\/une-source-reservee\/\">Une source r\u00e9serv\u00e9e<\/a><a title=\"Commentaires sur l\u2019enseignement doctrinal\" href=\"http:\/\/www.ecoledelavie.org\/fr\/commentaires-sur-lenseignement-doctrinal\/\"><br \/>\n<\/a><a title=\"Commentaires sur l\u2019enseignement doctrinal\" href=\"http:\/\/www.ecoledelavie.org\/fr\/commentaires-sur-lenseignement-doctrinal\/\">Commentaires sur l&#8217;enseignement doctrinal<\/a><\/h3>\n<p><strong>Autres \u00e9tudes en cours de pr\u00e9paration.<\/strong><\/p>\n","protected":false},"excerpt":{"rendered":"<p>Le mariage La troisi\u00e8me personne dans le mariage Une source r\u00e9serv\u00e9e Commentaires sur l&#8217;enseignement doctrinal Autres \u00e9tudes en cours de pr\u00e9paration.<\/p>\n","protected":false},"author":1,"featured_media":0,"parent":9,"menu_order":0,"comment_status":"closed","ping_status":"closed","template":"template_fullwidth_leven.php","meta":{"_monsterinsights_skip_tracking":false,"_monsterinsights_sitenote_active":false,"_monsterinsights_sitenote_note":"","_monsterinsights_sitenote_category":0},"_links":{"self":[{"href":"https:\/\/delevensschool.org\/fr\/wp-json\/wp\/v2\/pages\/25"}],"collection":[{"href":"https:\/\/delevensschool.org\/fr\/wp-json\/wp\/v2\/pages"}],"about":[{"href":"https:\/\/delevensschool.org\/fr\/wp-json\/wp\/v2\/types\/page"}],"author":[{"embeddable":true,"href":"https:\/\/delevensschool.org\/fr\/wp-json\/wp\/v2\/users\/1"}],"replies":[{"embeddable":true,"href":"https:\/\/delevensschool.org\/fr\/wp-json\/wp\/v2\/comments?post=25"}],"version-history":[{"count":13,"href":"https:\/\/delevensschool.org\/fr\/wp-json\/wp\/v2\/pages\/25\/revisions"}],"predecessor-version":[{"id":2396,"href":"https:\/\/delevensschool.org\/fr\/wp-json\/wp\/v2\/pages\/25\/revisions\/2396"}],"up":[{"embeddable":true,"href":"https:\/\/delevensschool.org\/fr\/wp-json\/wp\/v2\/pages\/9"}],"wp:attachment":[{"href":"https:\/\/delevensschool.org\/fr\/wp-json\/wp\/v2\/media?parent=25"}],"curies":[{"name":"wp","href":"https:\/\/api.w.org\/{rel}","templated":true}]}}