{"id":27,"date":"2013-10-24T17:24:06","date_gmt":"2013-10-24T15:24:06","guid":{"rendered":"http:\/\/www.delevensschool.org\/fr\/?page_id=27"},"modified":"2020-05-08T10:18:42","modified_gmt":"2020-05-08T08:18:42","slug":"explique","status":"publish","type":"page","link":"https:\/\/delevensschool.org\/fr\/themes\/explique\/","title":{"rendered":"Expliqu\u00e9"},"content":{"rendered":"<h3><a title=\"Exode 16 :31 \u2013 La manne\" href=\"http:\/\/www.ecoledelavie.org\/fr\/exode-16-31-la-manne\/\">Exode 16 :31\u00a0&#8211; La manne<\/a><br \/>\n<a title=\"Exode 28 :5 \u2013 La couleur cramoisi\" href=\"http:\/\/www.ecoledelavie.org\/fr\/exode-28-5-la-couleur-cramoisi\/\">Exode 28 :5\u00a0&#8211; La couleur cramoisi<br \/>\n<\/a><a title=\"Distinction entre les humains et les animaux\" href=\"http:\/\/www.ecoledelavie.org\/fr\/distinction-entre-les-humains-et-les-animaux\/\">Eccl\u00e9siaste 3 :21 &#8211; Le souffle<br \/>\n<\/a><a title=\"Ez\u00e9chiel 28:14 \u2013 Un ch\u00e9rubin protecteur\" href=\"http:\/\/www.ecoledelavie.org\/fr\/ezechiel-2814-un-cherubin-protecteur\/\">Ez\u00e9chiel 28 :14 &#8211; Un ch\u00e9rubin protecteur<br \/>\n<\/a><a title=\"Zacharie 4:6 \u2013 Ni par la puissance\" href=\"http:\/\/www.ecoledelavie.org\/fr\/zacharie-46-ni-par-la-puissance\/\">Zacharie 4 :6 &#8211; Ni par la puissance<br \/>\n<\/a><a title=\"L\u2019argent purifi\u00e9\" href=\"http:\/\/www.ecoledelavie.org\/fr\/largent-purifie\/\">Malachie 3 :2-3 &#8211; L&#8217;argent purifi\u00e9<\/a><br \/>\n<a title=\"Matthieu 5:17 \u2013 J\u00e9sus a accompli la Loi\" href=\"http:\/\/www.ecoledelavie.org\/fr\/matthieu-517-jesus-a-accompli-la-loi\/\">Matthieu 5 :17\u00a0&#8211; J\u00e9sus a accompli la Loi<br \/>\n<\/a><a title=\"Matthieu 23:9 \u2013 N\u2019appelez personne votre p\u00e8re\" href=\"http:\/\/www.ecoledelavie.org\/fr\/matthieu-239-nappelez-personne-votre-pere\/\">Matthieu 23 :9 &#8211; N&#8217;appelez personne votre p\u00e8re<br \/>\n<\/a><a title=\"Matthieu 25 :14-30 \u2013 Parabole des serviteurs\" href=\"http:\/\/www.ecoledelavie.org\/fr\/matthieu-2514-30-parabole-serviteurs\/\">Matthieu 25 :14-30 &#8211; Parabole des servireurs<\/a><br \/>\n<a title=\"Marc 15:34 \u2013 Mon Dieu, Mon Dieu\" href=\"http:\/\/www.ecoledelavie.org\/fr\/marc-1534-mon-dieu-mon-dieu\/\">Marc 15 :34\u00a0&#8211; Mon Dieu,\u00a0mon Dieu<\/a><br \/>\n<a title=\"Luc 23:43 \u2013 Aujourd\u2019hui tu seras avec moi dans le paradis\" href=\"http:\/\/www.ecoledelavie.org\/fr\/luc-2343-aujourdhui-tu-seras-avec-moi-dans-le-paradis\/\">Luc 23 :43\u00a0&#8211; Aujourd&#8217;hui tu seras avec moi dans\u00a0le paradis<br \/>\n<\/a><a title=\"Enfant de Dieu\" href=\"http:\/\/www.ecoledelavie.org\/fr\/enfant-dieu\/\">Jean 1 :12-13 &#8211; Devenir enfant de Dieu<\/a><br \/>\n<a title=\"Jean 3:3-5 \u2013 Conversion et \u00eatre disciple\" href=\"http:\/\/www.ecoledelavie.org\/fr\/jean-33-5-conversion-et-etre-disciple\/\">Jean 3 :3-5 &#8211; Conversion et \u00eatre disciple<br \/>\n<\/a><a title=\"Romains 12 : 6-9 \u2013 Nous avons des dons\" href=\"http:\/\/www.ecoledelavie.org\/fr\/romains-12-6-9-nous-avons-dons\/\">Romains 12 :6-9 &#8211; Nous avons des dons<\/a><br \/>\n<a title=\"Romains 13:10 \u2013 L\u2019amour est l\u2019accomplissement de la Loi\" href=\"http:\/\/www.ecoledelavie.org\/fr\/romains-1310-lamour-est-laccomplissement-la-loi\/\">Romains 13 :10\u00a0&#8211; L&#8217;amour est l&#8217;accomplissement de la Loi<br \/>\n<\/a><a title=\"La vie spirituelle dans l\u2019\u00e9glise\" href=\"http:\/\/www.ecoledelavie.org\/fr\/la-vie-spirituelle-dans-leglise\/\">1 Corinthiens 12 :1 &#8211; En ce qui concerne les r\u00e9alit\u00e9s spirituelles<\/a><br \/>\n<a title=\"1 Corinthiens 12 :7-11 \u2013 Les dons du Saint-Esprit\" href=\"http:\/\/www.ecoledelavie.org\/fr\/1-corinthiens-12-7-11-les-dons-du-saint-esprit\/\">1 Corinthiens 12: 7-11 &#8211; Les dons dus Saint-Esprit<\/a><br \/>\n<a title=\"Galates 6 :7-8 \u2013 Semailles et r\u00e9coltes\" href=\"http:\/\/www.ecoledelavie.org\/fr\/galates-6-7-8-semailles-et-recoltes\/\">Galates 6 :7-8 &#8211; Semailles en r\u00e9coltes<\/a><br \/>\n<a title=\"H\u00e9breux 11:1 \u2013 La ferme assurance\" href=\"http:\/\/www.ecoledelavie.org\/fr\/hebreux-111-la-ferme-assurance\/\">H\u00e9breux 11 :1 &#8211; La ferme assurance<\/a><br \/>\n<a title=\"La langue \u2013 dans la lettre de Jacques\" href=\"http:\/\/www.ecoledelavie.org\/fr\/langue-lettre-jacques\/\">Jacques 3 :2\u00a0&#8211; La langue<br \/>\n<\/a><a title=\"1 Pierre 3:9 \u2013 H\u00e9riter de la b\u00e9n\u00e9diction\" href=\"http:\/\/www.ecoledelavie.org\/fr\/1-pierre-39-heriter-la-benediction\/\">1 Pierre 3 :9 &#8211; H\u00e9riter de la b\u00e9n\u00e9diction<\/a><br \/>\n<a title=\"Dieu est lumi\u00e8re\" href=\"http:\/\/www.ecoledelavie.org\/fr\/dieu-2\/\">1 Jean 1 :5\u00a0&#8211; Dieu est lumi\u00e8re<\/a><br \/>\n<a title=\"1 Jean 5:18 \u2013 Quelqu\u2019un n\u00e9 de Dieu, ne p\u00e8che pas\" href=\"http:\/\/www.ecoledelavie.org\/fr\/1-jean-518-quelquun-ne-dieu-ne-peche\/\">1 Jean 5 :18 &#8211; Quelqu&#8217;un n\u00e9 de Dieu, ne p\u00e8che pas<\/a><\/h3>\n<p><strong>Autres \u00e9tudes en cours de pr\u00e9paration.<\/strong><\/p>\n","protected":false},"excerpt":{"rendered":"<p>Exode 16 :31\u00a0&#8211; La manne Exode 28 :5\u00a0&#8211; La couleur cramoisi Eccl\u00e9siaste 3 :21 &#8211; Le souffle Ez\u00e9chiel 28 :14 &#8211; Un ch\u00e9rubin protecteur Zacharie 4 :6 &#8211; Ni par la puissance Malachie 3 :2-3 &#8211; L&#8217;argent purifi\u00e9 Matthieu 5 :17\u00a0&#8211; J\u00e9sus a accompli la Loi Matthieu 23 :9 &#8211; N&#8217;appelez personne votre p\u00e8re Matthieu [&hellip;]<\/p>\n","protected":false},"author":1,"featured_media":0,"parent":9,"menu_order":0,"comment_status":"closed","ping_status":"closed","template":"template_fullwidth_uitgeklaard.php","meta":{"_monsterinsights_skip_tracking":false,"_monsterinsights_sitenote_active":false,"_monsterinsights_sitenote_note":"","_monsterinsights_sitenote_category":0},"_links":{"self":[{"href":"https:\/\/delevensschool.org\/fr\/wp-json\/wp\/v2\/pages\/27"}],"collection":[{"href":"https:\/\/delevensschool.org\/fr\/wp-json\/wp\/v2\/pages"}],"about":[{"href":"https:\/\/delevensschool.org\/fr\/wp-json\/wp\/v2\/types\/page"}],"author":[{"embeddable":true,"href":"https:\/\/delevensschool.org\/fr\/wp-json\/wp\/v2\/users\/1"}],"replies":[{"embeddable":true,"href":"https:\/\/delevensschool.org\/fr\/wp-json\/wp\/v2\/comments?post=27"}],"version-history":[{"count":43,"href":"https:\/\/delevensschool.org\/fr\/wp-json\/wp\/v2\/pages\/27\/revisions"}],"predecessor-version":[{"id":2525,"href":"https:\/\/delevensschool.org\/fr\/wp-json\/wp\/v2\/pages\/27\/revisions\/2525"}],"up":[{"embeddable":true,"href":"https:\/\/delevensschool.org\/fr\/wp-json\/wp\/v2\/pages\/9"}],"wp:attachment":[{"href":"https:\/\/delevensschool.org\/fr\/wp-json\/wp\/v2\/media?parent=27"}],"curies":[{"name":"wp","href":"https:\/\/api.w.org\/{rel}","templated":true}]}}