{"id":29,"date":"2013-10-24T17:24:23","date_gmt":"2013-10-24T15:24:23","guid":{"rendered":"http:\/\/www.delevensschool.org\/fr\/?page_id=29"},"modified":"2025-08-25T11:45:39","modified_gmt":"2025-08-25T09:45:39","slug":"faits-divers-surprenants","status":"publish","type":"page","link":"https:\/\/delevensschool.org\/fr\/themes\/faits-divers-surprenants\/","title":{"rendered":"Faits divers surprenants"},"content":{"rendered":"<h3><a title=\"Gen\u00e8se 2 :7 \u2013 Jeu de mots Homme-Adam-Teinte en rouge.\" href=\"http:\/\/www.ecoledelavie.org\/fr\/genese-2-7-jeu-mots-homme-adam-teinte-rouge\/\">Gen\u00e8se 2 :7\u00a0&#8211; Jeu de mots Homme-Adam-Teinte en rouge<\/a><br \/>\n<a title=\"La troisi\u00e8me personne dans le mariage\" href=\"http:\/\/www.ecoledelavie.org\/fr\/la-troisieme-personne-dans-le-mariage\/\">Gen\u00e8se 2 :23\u00a0&#8211; L&#8217;homme\u00a0&#8211; la femme<\/a><br \/>\n<a title=\"Gen\u00e8se 4:2 \u2013 Le cultivateur\" href=\"http:\/\/www.ecoledelavie.org\/fr\/genese-42-le-cultivateur\/\">Gen\u00e8se 4 :2\u00a0&#8211; Le cultivateur<br \/>\n<\/a><a title=\"Nombres 6:6 \u2013 un mort \u2013 un cadavre\" href=\"http:\/\/www.ecoledelavie.org\/fr\/nombres-66-un-mort-un-cadavre\/\">Nombres 6 :6 &#8211; un mort &#8211; un cadavre<\/a><br \/>\n<a title=\"Psaumes 22 :7 \u2013 Je suis un ver\" href=\"http:\/\/www.ecoledelavie.org\/fr\/psaumes-22-7-suis-un-ver\/\">Psaumes 22 :7\u00a0&#8211; Je suis un ver<\/a><br \/>\n<a title=\"Une source r\u00e9serv\u00e9e\" href=\"http:\/\/www.ecoledelavie.org\/fr\/une-source-reservee\/\">Cantiques des cantiques 4 :12\u00a0&#8211; Une source r\u00e9serv\u00e9e<\/a><br \/>\n<a title=\"Eccl\u00e9siaste 4:12 \u2013 La corde \u00e0 trois fils\" href=\"http:\/\/www.ecoledelavie.org\/fr\/ecclesiaste-412-la-corde-a-trois-fils\/\">Ecclesiaste 4 :12\u00a0&#8211;\u00a0 La corde \u00e0 trois fils<\/a><br \/>\n<a title=\"Ez\u00e9chiel 28:11 \u2013 Le roi de Tyr\" href=\"http:\/\/www.ecoledelavie.org\/fr\/ezechiel-2811-le-roi-tyr\/\">Ez\u00e9chiel 28 :11\u00a0&#8211; Le roi de Tyr<\/a><br \/>\n<a title=\"Ez\u00e9chiel 28:15-16 \u2013 La grandeur de ton commerce\" href=\"http:\/\/www.ecoledelavie.org\/fr\/ezechiel-2815-16-la-grandeur-ton-commerce\/\">Ez\u00e9chiel 28 :15-16\u00a0&#8211; La grandeur de ton commerce<\/a><br \/>\n<a title=\"Matthieu 14:31 \u2013 Pourquoi douter ?\" href=\"http:\/\/www.ecoledelavie.org\/fr\/matthieu-1431-pourquoi-douter\/\">Matthieu 14 :31\u00a0&#8211; Pourquoi douter<\/a><br \/>\n<a href=\"https:\/\/delevensschool.org\/fr\/etre-engendre-etre-ne\/\">Matthieu 26:24 &#8211; Mieux pour Judas qu&#8217;il ne soit pas n\u00e9<\/a><br \/>\n<a title=\"Jean 8:6 \u2013 J\u00e9sus se mit \u00e0 \u00e9crire sur le sol\" href=\"http:\/\/www.ecoledelavie.org\/fr\/jean-86-jesus-se-a-ecrire-sur-le-sol\/\">Jean 8 :6 &#8211; J\u00e9sus se mit \u00e0 \u00e9crire sur le sol<br \/>\n<\/a><a title=\"Romains 1:20 \u2013 Elle se comprennent\" href=\"http:\/\/www.ecoledelavie.org\/fr\/romains-120-elle-se-comprennent\/\">Romains 1 :20 &#8211; Elle se comprennent <\/a><\/h3>\n<p><strong>Autres \u00e9tudes en cours de pr\u00e9paration.<\/strong><\/p>\n","protected":false},"excerpt":{"rendered":"<p>Gen\u00e8se 2 :7\u00a0&#8211; Jeu de mots Homme-Adam-Teinte en rouge Gen\u00e8se 2 :23\u00a0&#8211; L&#8217;homme\u00a0&#8211; la femme Gen\u00e8se 4 :2\u00a0&#8211; Le cultivateur Nombres 6 :6 &#8211; un mort &#8211; un cadavre Psaumes 22 :7\u00a0&#8211; Je suis un ver Cantiques des cantiques 4 :12\u00a0&#8211; Une source r\u00e9serv\u00e9e Ecclesiaste 4 :12\u00a0&#8211;\u00a0 La corde \u00e0 trois fils Ez\u00e9chiel 28 :11\u00a0&#8211; [&hellip;]<\/p>\n","protected":false},"author":1,"featured_media":0,"parent":9,"menu_order":0,"comment_status":"closed","ping_status":"closed","template":"template_fullwidth_weetjes.php","meta":{"_monsterinsights_skip_tracking":false,"_monsterinsights_sitenote_active":false,"_monsterinsights_sitenote_note":"","_monsterinsights_sitenote_category":0},"_links":{"self":[{"href":"https:\/\/delevensschool.org\/fr\/wp-json\/wp\/v2\/pages\/29"}],"collection":[{"href":"https:\/\/delevensschool.org\/fr\/wp-json\/wp\/v2\/pages"}],"about":[{"href":"https:\/\/delevensschool.org\/fr\/wp-json\/wp\/v2\/types\/page"}],"author":[{"embeddable":true,"href":"https:\/\/delevensschool.org\/fr\/wp-json\/wp\/v2\/users\/1"}],"replies":[{"embeddable":true,"href":"https:\/\/delevensschool.org\/fr\/wp-json\/wp\/v2\/comments?post=29"}],"version-history":[{"count":36,"href":"https:\/\/delevensschool.org\/fr\/wp-json\/wp\/v2\/pages\/29\/revisions"}],"predecessor-version":[{"id":2550,"href":"https:\/\/delevensschool.org\/fr\/wp-json\/wp\/v2\/pages\/29\/revisions\/2550"}],"up":[{"embeddable":true,"href":"https:\/\/delevensschool.org\/fr\/wp-json\/wp\/v2\/pages\/9"}],"wp:attachment":[{"href":"https:\/\/delevensschool.org\/fr\/wp-json\/wp\/v2\/media?parent=29"}],"curies":[{"name":"wp","href":"https:\/\/api.w.org\/{rel}","templated":true}]}}