{"id":588,"date":"2014-08-27T12:39:25","date_gmt":"2014-08-27T10:39:25","guid":{"rendered":"http:\/\/www.ecoledelavie.org\/fr\/?page_id=588"},"modified":"2014-08-27T12:39:25","modified_gmt":"2014-08-27T10:39:25","slug":"marc-5-22-34","status":"publish","type":"page","link":"https:\/\/delevensschool.org\/fr\/marc-5-22-34\/","title":{"rendered":"Marc 5: 22-34"},"content":{"rendered":"<p><em>Alors vint un des chefs de la synagogue, du nom de Ja\u00efrus. Lorsqu&#8217;il aper\u00e7ut J\u00e9sus, il se jeta \u00e0 ses pieds et le supplia avec insistance: \u00abMa petite fille est sur le point de mourir. Viens, pose les mains sur elle afin qu&#8217;elle soit sauv\u00e9e, et elle vivra.\u00bb J\u00e9sus s&#8217;en alla avec lui. Une grande foule le suivait et le pressait de tous c\u00f4t\u00e9s.\u00a0Or, il y avait une femme atteinte d&#8217;h\u00e9morragies depuis 12 ans. Elle avait beaucoup souffert entre les mains de nombreux m\u00e9decins. Elle avait d\u00e9pens\u00e9 tout ce qu&#8217;elle poss\u00e9dait, mais cela n\u2019avait servi \u00e0 rien; au contraire, son \u00e9tat avait plut\u00f4t empir\u00e9. Elle entendit parler de J\u00e9sus, vint dans la foule par-derri\u00e8re et toucha son v\u00eatement, car elle se disait: \u00abM\u00eame si je ne touche que ses v\u00eatements, je serai gu\u00e9rie.\u00bb A l&#8217;instant m\u00eame, son h\u00e9morragie s&#8217;arr\u00eata, et elle sentit dans son corps qu&#8217;elle \u00e9tait gu\u00e9rie de son mal. J\u00e9sus se rendit aussit\u00f4t compte qu&#8217;une force \u00e9tait sortie de lui; il se retourna au milieu de la foule et dit: \u00abQui a touch\u00e9 mes v\u00eatements?\u00bb Ses disciples lui dirent: \u00abTu vois la foule qui te presse et tu dis: \u2018Qui m&#8217;a touch\u00e9?\u2019\u00bb J\u00e9sus regardait autour de lui pour voir celle qui avait fait cela. La femme, effray\u00e9e et tremblante, sachant ce qui lui \u00e9tait arriv\u00e9, vint se jeter \u00e0 ses pieds et lui dit toute la v\u00e9rit\u00e9. Alors il lui dit: \u00abMa fille, ta foi t&#8217;a sauv\u00e9e. Pars dans la paix et sois gu\u00e9rie de ton mal.\u00bb<\/em><\/p>\n<p>&nbsp;<\/p>\n","protected":false},"excerpt":{"rendered":"<p>Alors vint un des chefs de la synagogue, du nom de Ja\u00efrus. Lorsqu&#8217;il aper\u00e7ut J\u00e9sus, il se jeta \u00e0 ses pieds et le supplia avec insistance: \u00abMa petite fille est sur le point de mourir. Viens, pose les mains sur elle afin qu&#8217;elle soit sauv\u00e9e, et elle vivra.\u00bb J\u00e9sus s&#8217;en alla avec lui. Une grande [&hellip;]<\/p>\n","protected":false},"author":1,"featured_media":0,"parent":0,"menu_order":0,"comment_status":"closed","ping_status":"closed","template":"","meta":{"_monsterinsights_skip_tracking":false,"_monsterinsights_sitenote_active":false,"_monsterinsights_sitenote_note":"","_monsterinsights_sitenote_category":0},"_links":{"self":[{"href":"https:\/\/delevensschool.org\/fr\/wp-json\/wp\/v2\/pages\/588"}],"collection":[{"href":"https:\/\/delevensschool.org\/fr\/wp-json\/wp\/v2\/pages"}],"about":[{"href":"https:\/\/delevensschool.org\/fr\/wp-json\/wp\/v2\/types\/page"}],"author":[{"embeddable":true,"href":"https:\/\/delevensschool.org\/fr\/wp-json\/wp\/v2\/users\/1"}],"replies":[{"embeddable":true,"href":"https:\/\/delevensschool.org\/fr\/wp-json\/wp\/v2\/comments?post=588"}],"version-history":[{"count":2,"href":"https:\/\/delevensschool.org\/fr\/wp-json\/wp\/v2\/pages\/588\/revisions"}],"predecessor-version":[{"id":590,"href":"https:\/\/delevensschool.org\/fr\/wp-json\/wp\/v2\/pages\/588\/revisions\/590"}],"wp:attachment":[{"href":"https:\/\/delevensschool.org\/fr\/wp-json\/wp\/v2\/media?parent=588"}],"curies":[{"name":"wp","href":"https:\/\/api.w.org\/{rel}","templated":true}]}}